{"id":3553,"date":"2024-11-15T12:34:27","date_gmt":"2024-11-15T11:34:27","guid":{"rendered":"https:\/\/pasticceriamilanosrl.it\/?page_id=3553"},"modified":"2025-12-04T15:35:36","modified_gmt":"2025-12-04T14:35:36","slug":"pasticceria-tradizionale","status":"publish","type":"page","link":"https:\/\/pasticceriamilanosrl.it\/en\/pasticceria-tradizionale\/","title":{"rendered":"Traditional pastry"},"content":{"rendered":"<div data-elementor-type=\"wp-page\" data-elementor-id=\"3553\" class=\"elementor elementor-3553\">\n\t\t\t\t\t\t<section class=\"elementor-section elementor-top-section elementor-element elementor-element-4c21444 elementor-section-full_width qodef-elementor-content-grid elementor-section-height-default elementor-section-height-default\" data-id=\"4c21444\" data-element_type=\"section\">\n\t\t\t\t\t\t<div class=\"elementor-container elementor-column-gap-default\">\n\t\t\t\t\t<div class=\"elementor-column elementor-col-100 elementor-top-column elementor-element elementor-element-d604416\" data-id=\"d604416\" data-element_type=\"column\">\n\t\t\t<div class=\"elementor-widget-wrap elementor-element-populated\">\n\t\t\t\t\t\t<div class=\"elementor-element elementor-element-4e988aa elementor-widget-tablet__width-initial elementor-hidden-tablet elementor-widget elementor-widget-heading\" data-id=\"4e988aa\" data-element_type=\"widget\" data-widget_type=\"heading.default\">\n\t\t\t\t<div class=\"elementor-widget-container\">\n\t\t\t\t\t<h1 class=\"elementor-heading-title elementor-size-default\">Specialties from Gavirate and beyond<\/h1>\t\t\t\t<\/div>\n\t\t\t\t<\/div>\n\t\t\t\t<div class=\"elementor-element elementor-element-d33f5c1 elementor-widget-tablet__width-initial elementor-hidden-desktop elementor-hidden-mobile elementor-widget elementor-widget-heading\" data-id=\"d33f5c1\" data-element_type=\"widget\" data-widget_type=\"heading.default\">\n\t\t\t\t<div class=\"elementor-widget-container\">\n\t\t\t\t\t<h1 class=\"elementor-heading-title elementor-size-default\">Specialit\u00e0 di Gavirate <br>e non solo<\/h1>\t\t\t\t<\/div>\n\t\t\t\t<\/div>\n\t\t\t\t<div class=\"elementor-element elementor-element-fd9690e elementor-widget-divider--view-line elementor-widget elementor-widget-divider\" data-id=\"fd9690e\" data-element_type=\"widget\" data-widget_type=\"divider.default\">\n\t\t\t\t<div class=\"elementor-widget-container\">\n\t\t\t\t\t\t\t<div class=\"elementor-divider\">\n\t\t\t<span class=\"elementor-divider-separator\">\n\t\t\t\t\t\t<\/span>\n\t\t<\/div>\n\t\t\t\t\t\t<\/div>\n\t\t\t\t<\/div>\n\t\t\t\t<div class=\"elementor-element elementor-element-349b1bc elementor-widget elementor-widget-heading\" data-id=\"349b1bc\" data-element_type=\"widget\" data-widget_type=\"heading.default\">\n\t\t\t\t<div class=\"elementor-widget-container\">\n\t\t\t\t\t<h2 class=\"elementor-heading-title elementor-size-default\">Traditional pastry<\/h2>\t\t\t\t<\/div>\n\t\t\t\t<\/div>\n\t\t\t\t<div class=\"elementor-element elementor-element-cf858f9 elementor-widget__width-initial elementor-widget elementor-widget-text-editor\" data-id=\"cf858f9\" data-element_type=\"widget\" data-widget_type=\"text-editor.default\">\n\t\t\t\t<div class=\"elementor-widget-container\">\n\t\t\t\t\t\t\t\t\t<p class=\"translation-block\">Our pastry shop is a go-to destination for those seeking desserts that tell a story. In addition to the renowned specialties of Gavirate\u2014our inimitable <em>Brutti e Buoni<\/em>, the soft <em>Dolce Varese<\/em> and the delicious <em>Realdolce<\/em> \u2013 we offer a wide variety of traditional creations and artisanal pastries. But that\u2019s not all: our kitchen prepares freshly baked, fragrant croissants daily for breakfast at our caf\u00e9, along with savory delights such as mini pizzas and focaccia, perfect for your aperitifs.<\/p>\t\t\t\t\t\t\t\t<\/div>\n\t\t\t\t<\/div>\n\t\t\t\t\t<\/div>\n\t\t<\/div>\n\t\t\t\t\t<\/div>\n\t\t<\/section>\n\t\t\t\t<section class=\"elementor-section elementor-top-section elementor-element elementor-element-9d8f934 elementor-section-full_width qodef-elementor-content-grid elementor-reverse-tablet elementor-reverse-mobile elementor-section-height-default elementor-section-height-default\" data-id=\"9d8f934\" data-element_type=\"section\">\n\t\t\t\t\t\t<div class=\"elementor-container elementor-column-gap-default\">\n\t\t\t\t\t<div class=\"elementor-column elementor-col-50 elementor-top-column elementor-element elementor-element-187a7cb\" data-id=\"187a7cb\" data-element_type=\"column\" data-settings=\"{&quot;background_background&quot;:&quot;classic&quot;}\">\n\t\t\t<div class=\"elementor-widget-wrap elementor-element-populated\">\n\t\t\t\t\t\t<div class=\"elementor-element elementor-element-b3ecc06 elementor-widget elementor-widget-spacer\" data-id=\"b3ecc06\" data-element_type=\"widget\" data-widget_type=\"spacer.default\">\n\t\t\t\t<div class=\"elementor-widget-container\">\n\t\t\t\t\t\t\t<div class=\"elementor-spacer\">\n\t\t\t<div class=\"elementor-spacer-inner\"><\/div>\n\t\t<\/div>\n\t\t\t\t\t\t<\/div>\n\t\t\t\t<\/div>\n\t\t\t\t\t<\/div>\n\t\t<\/div>\n\t\t\t\t<div class=\"elementor-column elementor-col-50 elementor-top-column elementor-element elementor-element-ef0cae8\" data-id=\"ef0cae8\" data-element_type=\"column\">\n\t\t\t<div class=\"elementor-widget-wrap elementor-element-populated\">\n\t\t\t\t\t\t<div class=\"elementor-element elementor-element-548e541 elementor-widget elementor-widget-heading\" data-id=\"548e541\" data-element_type=\"widget\" data-widget_type=\"heading.default\">\n\t\t\t\t<div class=\"elementor-widget-container\">\n\t\t\t\t\t<h3 class=\"elementor-heading-title elementor-size-default\">Some of our sweet offerings:<\/h3>\t\t\t\t<\/div>\n\t\t\t\t<\/div>\n\t\t\t\t<div class=\"elementor-element elementor-element-6af2eda elementor-icon-list--layout-traditional elementor-list-item-link-full_width elementor-widget elementor-widget-icon-list\" data-id=\"6af2eda\" data-element_type=\"widget\" data-widget_type=\"icon-list.default\">\n\t\t\t\t<div class=\"elementor-widget-container\">\n\t\t\t\t\t\t\t<ul class=\"elementor-icon-list-items\">\n\t\t\t\t\t\t\t<li class=\"elementor-icon-list-item\">\n\t\t\t\t\t\t\t\t\t\t\t<span class=\"elementor-icon-list-icon\">\n\t\t\t\t\t\t\t<svg xmlns=\"http:\/\/www.w3.org\/2000\/svg\" width=\"16\" height=\"9\" viewbox=\"0 0 16 9\" fill=\"none\"><path d=\"M16 4.5L9.25 8.39711V0.602886L16 4.5Z\" fill=\"#ED7520\"><\/path><line x1=\"10\" y1=\"4.5\" x2=\"-4.37114e-08\" y2=\"4.5\" stroke=\"#ED7520\"><\/line><\/svg>\t\t\t\t\t\t<\/span>\n\t\t\t\t\t\t\t\t\t\t<span class=\"elementor-icon-list-text\">Fragrant fruit or chocolate tarts<\/span>\n\t\t\t\t\t\t\t\t\t<\/li>\n\t\t\t\t\t\t\t\t<li class=\"elementor-icon-list-item\">\n\t\t\t\t\t\t\t\t\t\t\t<span class=\"elementor-icon-list-icon\">\n\t\t\t\t\t\t\t<svg xmlns=\"http:\/\/www.w3.org\/2000\/svg\" width=\"16\" height=\"9\" viewbox=\"0 0 16 9\" fill=\"none\"><path d=\"M16 4.5L9.25 8.39711V0.602886L16 4.5Z\" fill=\"#ED7520\"><\/path><line x1=\"10\" y1=\"4.5\" x2=\"-4.37114e-08\" y2=\"4.5\" stroke=\"#ED7520\"><\/line><\/svg>\t\t\t\t\t\t<\/span>\n\t\t\t\t\t\t\t\t\t\t<span class=\"elementor-icon-list-text\">Classic and modern cakes, ideal for any occasion<\/span>\n\t\t\t\t\t\t\t\t\t<\/li>\n\t\t\t\t\t\t\t\t<li class=\"elementor-icon-list-item\">\n\t\t\t\t\t\t\t\t\t\t\t<span class=\"elementor-icon-list-icon\">\n\t\t\t\t\t\t\t<svg xmlns=\"http:\/\/www.w3.org\/2000\/svg\" width=\"16\" height=\"9\" viewbox=\"0 0 16 9\" fill=\"none\"><path d=\"M16 4.5L9.25 8.39711V0.602886L16 4.5Z\" fill=\"#ED7520\"><\/path><line x1=\"10\" y1=\"4.5\" x2=\"-4.37114e-08\" y2=\"4.5\" stroke=\"#ED7520\"><\/line><\/svg>\t\t\t\t\t\t<\/span>\n\t\t\t\t\t\t\t\t\t\t<span class=\"elementor-icon-list-text\">Delicate cream puffs and cannoli\u2028<\/span>\n\t\t\t\t\t\t\t\t\t<\/li>\n\t\t\t\t\t\t\t\t<li class=\"elementor-icon-list-item\">\n\t\t\t\t\t\t\t\t\t\t\t<span class=\"elementor-icon-list-icon\">\n\t\t\t\t\t\t\t<svg xmlns=\"http:\/\/www.w3.org\/2000\/svg\" width=\"16\" height=\"9\" viewbox=\"0 0 16 9\" fill=\"none\"><path d=\"M16 4.5L9.25 8.39711V0.602886L16 4.5Z\" fill=\"#ED7520\"><\/path><line x1=\"10\" y1=\"4.5\" x2=\"-4.37114e-08\" y2=\"4.5\" stroke=\"#ED7520\"><\/line><\/svg>\t\t\t\t\t\t<\/span>\n\t\t\t\t\t\t\t\t\t\t<span class=\"elementor-icon-list-text\">Irresistible tartlets and single-serving mousses\u2028<\/span>\n\t\t\t\t\t\t\t\t\t<\/li>\n\t\t\t\t\t\t\t\t<li class=\"elementor-icon-list-item\">\n\t\t\t\t\t\t\t\t\t\t\t<span class=\"elementor-icon-list-icon\">\n\t\t\t\t\t\t\t<svg xmlns=\"http:\/\/www.w3.org\/2000\/svg\" width=\"16\" height=\"9\" viewbox=\"0 0 16 9\" fill=\"none\"><path d=\"M16 4.5L9.25 8.39711V0.602886L16 4.5Z\" fill=\"#ED7520\"><\/path><line x1=\"10\" y1=\"4.5\" x2=\"-4.37114e-08\" y2=\"4.5\" stroke=\"#ED7520\"><\/line><\/svg>\t\t\t\t\t\t<\/span>\n\t\t\t\t\t\t\t\t\t\t<span class=\"elementor-icon-list-text\">A selection of artisanal cookies, both crisp and soft\u2028<\/span>\n\t\t\t\t\t\t\t\t\t<\/li>\n\t\t\t\t\t\t\t\t<li class=\"elementor-icon-list-item\">\n\t\t\t\t\t\t\t\t\t\t\t<span class=\"elementor-icon-list-icon\">\n\t\t\t\t\t\t\t<svg xmlns=\"http:\/\/www.w3.org\/2000\/svg\" width=\"16\" height=\"9\" viewbox=\"0 0 16 9\" fill=\"none\"><path d=\"M16 4.5L9.25 8.39711V0.602886L16 4.5Z\" fill=\"#ED7520\"><\/path><line x1=\"10\" y1=\"4.5\" x2=\"-4.37114e-08\" y2=\"4.5\" stroke=\"#ED7520\"><\/line><\/svg>\t\t\t\t\t\t<\/span>\n\t\t\t\t\t\t\t\t\t\t<span class=\"elementor-icon-list-text\">Elegant miniature pastries, perfect for any special moment<\/span>\n\t\t\t\t\t\t\t\t\t<\/li>\n\t\t\t\t\t\t\t\t<li class=\"elementor-icon-list-item\">\n\t\t\t\t\t\t\t\t\t\t\t<span class=\"elementor-icon-list-icon\">\n\t\t\t\t\t\t\t<svg xmlns=\"http:\/\/www.w3.org\/2000\/svg\" width=\"16\" height=\"9\" viewbox=\"0 0 16 9\" fill=\"none\"><path d=\"M16 4.5L9.25 8.39711V0.602886L16 4.5Z\" fill=\"#ED7520\"><\/path><line x1=\"10\" y1=\"4.5\" x2=\"-4.37114e-08\" y2=\"4.5\" stroke=\"#ED7520\"><\/line><\/svg>\t\t\t\t\t\t<\/span>\n\t\t\t\t\t\t\t\t\t\t<span class=\"elementor-icon-list-text\">And much more!<\/span>\n\t\t\t\t\t\t\t\t\t<\/li>\n\t\t\t\t\t\t<\/ul>\n\t\t\t\t\t\t<\/div>\n\t\t\t\t<\/div>\n\t\t\t\t\t<\/div>\n\t\t<\/div>\n\t\t\t\t\t<\/div>\n\t\t<\/section>\n\t\t<div class=\"elementor-element elementor-element-421326e e-flex e-con-boxed qodef-elementor-content-no e-con e-parent\" data-id=\"421326e\" data-element_type=\"container\">\n\t\t\t\t\t<div class=\"e-con-inner\">\n\t\t\t\t<div class=\"elementor-element elementor-element-1607881 elementor-widget__width-initial elementor-widget elementor-widget-heading\" data-id=\"1607881\" data-element_type=\"widget\" data-widget_type=\"heading.default\">\n\t\t\t\t<div class=\"elementor-widget-container\">\n\t\t\t\t\t<h5 class=\"elementor-heading-title elementor-size-default\">Whether it\u2019s for a sweet moment, a special occasion, or a delicious break, we\u2019re here to help you discover <span class=\"my-orange\">the unique flavors of our tradition.<\/span><\/h5>\t\t\t\t<\/div>\n\t\t\t\t<\/div>\n\t\t\t\t<div class=\"elementor-element elementor-element-880eb9b elementor-align-center elementor-widget elementor-widget-button\" data-id=\"880eb9b\" data-element_type=\"widget\" data-widget_type=\"button.default\">\n\t\t\t\t<div class=\"elementor-widget-container\">\n\t\t\t\t\t\t\t\t\t<div class=\"elementor-button-wrapper\">\n\t\t\t\t\t<a class=\"elementor-button elementor-button-link elementor-size-sm\" href=\"\/en\/contatti\/\">\n\t\t\t\t\t\t<span class=\"elementor-button-content-wrapper\">\n\t\t\t\t\t\t\t\t\t<span class=\"elementor-button-text\">Visit us<\/span>\n\t\t\t\t\t<\/span>\n\t\t\t\t\t<\/a>\n\t\t\t\t<\/div>\n\t\t\t\t\t\t\t\t<\/div>\n\t\t\t\t<\/div>\n\t\t\t\t\t<\/div>\n\t\t\t\t<\/div>\n\t\t\t\t<\/div>","protected":false},"excerpt":{"rendered":"<p>Specialit\u00e0 di Gavirate e non solo Specialit\u00e0 di Gavirate e non solo La pasticceria tradizionale La nostra pasticceria \u00e8 il punto di riferimento per chi cerca dolci che raccontano una storia. Oltre alle celebri specialit\u00e0 di Gavirate \u2013 i nostri inimitabili Brutti e Buoni, il soffice Dolce Varese e il goloso Realdolce \u2013 offriamo un\u2019ampia [&hellip;]<\/p>\n","protected":false},"author":1,"featured_media":1340,"parent":0,"menu_order":0,"comment_status":"closed","ping_status":"closed","template":"qi-full-width.php","meta":{"footnotes":""},"class_list":["post-3553","page","type-page","status-publish","has-post-thumbnail","hentry"],"yoast_head":"<!-- This site is optimized with the Yoast SEO plugin v25.5 - https:\/\/yoast.com\/wordpress\/plugins\/seo\/ -->\n<title>Pasticcini artigianali a Varese - Pasticceria Milano Gavirate<\/title>\n<meta name=\"description\" content=\"Pasticcini artigianali a Varese e pasticceria tradizionale.Fragranti brioche per colazioni al nostro bar e sfiziosit\u00e0 salate per aperitivi.\" \/>\n<meta name=\"robots\" content=\"index, follow, max-snippet:-1, max-image-preview:large, max-video-preview:-1\" \/>\n<link rel=\"canonical\" href=\"https:\/\/pasticceriamilanosrl.it\/en\/pasticceria-tradizionale\/\" \/>\n<meta property=\"og:locale\" content=\"en_GB\" \/>\n<meta property=\"og:type\" content=\"article\" \/>\n<meta property=\"og:title\" content=\"Pasticcini artigianali a Varese - Pasticceria Milano Gavirate\" \/>\n<meta property=\"og:description\" content=\"Pasticcini artigianali a Varese e pasticceria tradizionale.Fragranti brioche per colazioni al nostro bar e sfiziosit\u00e0 salate per aperitivi.\" \/>\n<meta property=\"og:url\" content=\"https:\/\/pasticceriamilanosrl.it\/en\/pasticceria-tradizionale\/\" \/>\n<meta property=\"og:site_name\" content=\"Pasticceria Milano\" \/>\n<meta property=\"article:publisher\" content=\"https:\/\/www.facebook.com\/pasticceriamilanodigavirate\" \/>\n<meta property=\"article:modified_time\" content=\"2025-12-04T14:35:36+00:00\" \/>\n<meta property=\"og:image\" content=\"https:\/\/pasticceriamilanosrl.it\/wp-content\/uploads\/2024\/09\/pasticcini-002.jpg\" \/>\n\t<meta property=\"og:image:width\" content=\"800\" \/>\n\t<meta property=\"og:image:height\" content=\"530\" \/>\n\t<meta property=\"og:image:type\" content=\"image\/jpeg\" \/>\n<meta name=\"twitter:card\" content=\"summary_large_image\" \/>\n<meta name=\"twitter:label1\" content=\"Estimated reading time\" \/>\n\t<meta name=\"twitter:data1\" content=\"1 minute\" \/>\n<script type=\"application\/ld+json\" class=\"yoast-schema-graph\">{\"@context\":\"https:\/\/schema.org\",\"@graph\":[{\"@type\":\"WebPage\",\"@id\":\"https:\/\/pasticceriamilanosrl.it\/pasticceria-tradizionale\/\",\"url\":\"https:\/\/pasticceriamilanosrl.it\/pasticceria-tradizionale\/\",\"name\":\"Pasticcini artigianali a Varese - Pasticceria Milano Gavirate\",\"isPartOf\":{\"@id\":\"https:\/\/pasticceriamilanosrl.it\/#website\"},\"primaryImageOfPage\":{\"@id\":\"https:\/\/pasticceriamilanosrl.it\/pasticceria-tradizionale\/#primaryimage\"},\"image\":{\"@id\":\"https:\/\/pasticceriamilanosrl.it\/pasticceria-tradizionale\/#primaryimage\"},\"thumbnailUrl\":\"https:\/\/pasticceriamilanosrl.it\/wp-content\/uploads\/2024\/09\/pasticcini-002.jpg\",\"datePublished\":\"2024-11-15T11:34:27+00:00\",\"dateModified\":\"2025-12-04T14:35:36+00:00\",\"description\":\"Pasticcini artigianali a Varese e pasticceria tradizionale.Fragranti brioche per colazioni al nostro bar e sfiziosit\u00e0 salate per aperitivi.\",\"breadcrumb\":{\"@id\":\"https:\/\/pasticceriamilanosrl.it\/pasticceria-tradizionale\/#breadcrumb\"},\"inLanguage\":\"en-GB\",\"potentialAction\":[{\"@type\":\"ReadAction\",\"target\":[\"https:\/\/pasticceriamilanosrl.it\/pasticceria-tradizionale\/\"]}]},{\"@type\":\"ImageObject\",\"inLanguage\":\"en-GB\",\"@id\":\"https:\/\/pasticceriamilanosrl.it\/pasticceria-tradizionale\/#primaryimage\",\"url\":\"https:\/\/pasticceriamilanosrl.it\/wp-content\/uploads\/2024\/09\/pasticcini-002.jpg\",\"contentUrl\":\"https:\/\/pasticceriamilanosrl.it\/wp-content\/uploads\/2024\/09\/pasticcini-002.jpg\",\"width\":800,\"height\":530,\"caption\":\"Pasticcini tradizionali a Varese\"},{\"@type\":\"BreadcrumbList\",\"@id\":\"https:\/\/pasticceriamilanosrl.it\/pasticceria-tradizionale\/#breadcrumb\",\"itemListElement\":[{\"@type\":\"ListItem\",\"position\":1,\"name\":\"Home\",\"item\":\"https:\/\/pasticceriamilanosrl.it\/\"},{\"@type\":\"ListItem\",\"position\":2,\"name\":\"Pasticceria tradizionale\"}]},{\"@type\":\"WebSite\",\"@id\":\"https:\/\/pasticceriamilanosrl.it\/#website\",\"url\":\"https:\/\/pasticceriamilanosrl.it\/\",\"name\":\"Antica Pasticceria Milano - Brutti & Buoni\",\"description\":\"Antica Pasticceria Milano - Dove i Brutti e Buoni raccontano storia e gusto\",\"publisher\":{\"@id\":\"https:\/\/pasticceriamilanosrl.it\/#organization\"},\"potentialAction\":[{\"@type\":\"SearchAction\",\"target\":{\"@type\":\"EntryPoint\",\"urlTemplate\":\"https:\/\/pasticceriamilanosrl.it\/?s={search_term_string}\"},\"query-input\":{\"@type\":\"PropertyValueSpecification\",\"valueRequired\":true,\"valueName\":\"search_term_string\"}}],\"inLanguage\":\"en-GB\"},{\"@type\":\"Organization\",\"@id\":\"https:\/\/pasticceriamilanosrl.it\/#organization\",\"name\":\"Antica Pasticceria Milano\",\"url\":\"https:\/\/pasticceriamilanosrl.it\/\",\"logo\":{\"@type\":\"ImageObject\",\"inLanguage\":\"en-GB\",\"@id\":\"https:\/\/pasticceriamilanosrl.it\/#\/schema\/logo\/image\/\",\"url\":\"https:\/\/pasticceriamilanosrl.it\/wp-content\/uploads\/2024\/09\/pasticceria-Milano-logo-1.png\",\"contentUrl\":\"https:\/\/pasticceriamilanosrl.it\/wp-content\/uploads\/2024\/09\/pasticceria-Milano-logo-1.png\",\"width\":1080,\"height\":1080,\"caption\":\"Antica Pasticceria Milano\"},\"image\":{\"@id\":\"https:\/\/pasticceriamilanosrl.it\/#\/schema\/logo\/image\/\"},\"sameAs\":[\"https:\/\/www.facebook.com\/pasticceriamilanodigavirate\",\"https:\/\/www.instagram.com\/pasticceriamilanogavirate\/\"]}]}<\/script>\n<!-- \/ Yoast SEO plugin. -->","yoast_head_json":{"title":"Pasticcini artigianali a Varese - Pasticceria Milano Gavirate","description":"Pasticcini artigianali a Varese e pasticceria tradizionale.Fragranti brioche per colazioni al nostro bar e sfiziosit\u00e0 salate per aperitivi.","robots":{"index":"index","follow":"follow","max-snippet":"max-snippet:-1","max-image-preview":"max-image-preview:large","max-video-preview":"max-video-preview:-1"},"canonical":"https:\/\/pasticceriamilanosrl.it\/en\/pasticceria-tradizionale\/","og_locale":"en_GB","og_type":"article","og_title":"Pasticcini artigianali a Varese - Pasticceria Milano Gavirate","og_description":"Pasticcini artigianali a Varese e pasticceria tradizionale.Fragranti brioche per colazioni al nostro bar e sfiziosit\u00e0 salate per aperitivi.","og_url":"https:\/\/pasticceriamilanosrl.it\/en\/pasticceria-tradizionale\/","og_site_name":"Pasticceria Milano","article_publisher":"https:\/\/www.facebook.com\/pasticceriamilanodigavirate","article_modified_time":"2025-12-04T14:35:36+00:00","og_image":[{"width":800,"height":530,"url":"https:\/\/pasticceriamilanosrl.it\/wp-content\/uploads\/2024\/09\/pasticcini-002.jpg","type":"image\/jpeg"}],"twitter_card":"summary_large_image","twitter_misc":{"Estimated reading time":"1 minute"},"schema":{"@context":"https:\/\/schema.org","@graph":[{"@type":"WebPage","@id":"https:\/\/pasticceriamilanosrl.it\/pasticceria-tradizionale\/","url":"https:\/\/pasticceriamilanosrl.it\/pasticceria-tradizionale\/","name":"Pasticcini artigianali a Varese - Pasticceria Milano Gavirate","isPartOf":{"@id":"https:\/\/pasticceriamilanosrl.it\/#website"},"primaryImageOfPage":{"@id":"https:\/\/pasticceriamilanosrl.it\/pasticceria-tradizionale\/#primaryimage"},"image":{"@id":"https:\/\/pasticceriamilanosrl.it\/pasticceria-tradizionale\/#primaryimage"},"thumbnailUrl":"https:\/\/pasticceriamilanosrl.it\/wp-content\/uploads\/2024\/09\/pasticcini-002.jpg","datePublished":"2024-11-15T11:34:27+00:00","dateModified":"2025-12-04T14:35:36+00:00","description":"Pasticcini artigianali a Varese e pasticceria tradizionale.Fragranti brioche per colazioni al nostro bar e sfiziosit\u00e0 salate per aperitivi.","breadcrumb":{"@id":"https:\/\/pasticceriamilanosrl.it\/pasticceria-tradizionale\/#breadcrumb"},"inLanguage":"en-GB","potentialAction":[{"@type":"ReadAction","target":["https:\/\/pasticceriamilanosrl.it\/pasticceria-tradizionale\/"]}]},{"@type":"ImageObject","inLanguage":"en-GB","@id":"https:\/\/pasticceriamilanosrl.it\/pasticceria-tradizionale\/#primaryimage","url":"https:\/\/pasticceriamilanosrl.it\/wp-content\/uploads\/2024\/09\/pasticcini-002.jpg","contentUrl":"https:\/\/pasticceriamilanosrl.it\/wp-content\/uploads\/2024\/09\/pasticcini-002.jpg","width":800,"height":530,"caption":"Pasticcini tradizionali a Varese"},{"@type":"BreadcrumbList","@id":"https:\/\/pasticceriamilanosrl.it\/pasticceria-tradizionale\/#breadcrumb","itemListElement":[{"@type":"ListItem","position":1,"name":"Home","item":"https:\/\/pasticceriamilanosrl.it\/"},{"@type":"ListItem","position":2,"name":"Pasticceria tradizionale"}]},{"@type":"WebSite","@id":"https:\/\/pasticceriamilanosrl.it\/#website","url":"https:\/\/pasticceriamilanosrl.it\/","name":"Antica Pasticceria Milano - Brutti & Buoni","description":"Antica Pasticceria Milano - Dove i Brutti e Buoni raccontano storia e gusto","publisher":{"@id":"https:\/\/pasticceriamilanosrl.it\/#organization"},"potentialAction":[{"@type":"SearchAction","target":{"@type":"EntryPoint","urlTemplate":"https:\/\/pasticceriamilanosrl.it\/?s={search_term_string}"},"query-input":{"@type":"PropertyValueSpecification","valueRequired":true,"valueName":"search_term_string"}}],"inLanguage":"en-GB"},{"@type":"Organization","@id":"https:\/\/pasticceriamilanosrl.it\/#organization","name":"Antica Pasticceria Milano","url":"https:\/\/pasticceriamilanosrl.it\/","logo":{"@type":"ImageObject","inLanguage":"en-GB","@id":"https:\/\/pasticceriamilanosrl.it\/#\/schema\/logo\/image\/","url":"https:\/\/pasticceriamilanosrl.it\/wp-content\/uploads\/2024\/09\/pasticceria-Milano-logo-1.png","contentUrl":"https:\/\/pasticceriamilanosrl.it\/wp-content\/uploads\/2024\/09\/pasticceria-Milano-logo-1.png","width":1080,"height":1080,"caption":"Antica Pasticceria Milano"},"image":{"@id":"https:\/\/pasticceriamilanosrl.it\/#\/schema\/logo\/image\/"},"sameAs":["https:\/\/www.facebook.com\/pasticceriamilanodigavirate","https:\/\/www.instagram.com\/pasticceriamilanogavirate\/"]}]}},"_links":{"self":[{"href":"https:\/\/pasticceriamilanosrl.it\/en\/wp-json\/wp\/v2\/pages\/3553","targetHints":{"allow":["GET"]}}],"collection":[{"href":"https:\/\/pasticceriamilanosrl.it\/en\/wp-json\/wp\/v2\/pages"}],"about":[{"href":"https:\/\/pasticceriamilanosrl.it\/en\/wp-json\/wp\/v2\/types\/page"}],"author":[{"embeddable":true,"href":"https:\/\/pasticceriamilanosrl.it\/en\/wp-json\/wp\/v2\/users\/1"}],"replies":[{"embeddable":true,"href":"https:\/\/pasticceriamilanosrl.it\/en\/wp-json\/wp\/v2\/comments?post=3553"}],"version-history":[{"count":0,"href":"https:\/\/pasticceriamilanosrl.it\/en\/wp-json\/wp\/v2\/pages\/3553\/revisions"}],"wp:featuredmedia":[{"embeddable":true,"href":"https:\/\/pasticceriamilanosrl.it\/en\/wp-json\/wp\/v2\/media\/1340"}],"wp:attachment":[{"href":"https:\/\/pasticceriamilanosrl.it\/en\/wp-json\/wp\/v2\/media?parent=3553"}],"curies":[{"name":"wp","href":"https:\/\/api.w.org\/{rel}","templated":true}]}}